
	{"id":269,"date":"2022-06-21T12:12:36","date_gmt":"2022-06-21T10:12:36","guid":{"rendered":"https:\/\/dvw.enquetemodule.be\/?page_id=269"},"modified":"2022-10-21T15:13:24","modified_gmt":"2022-10-21T13:13:24","slug":"einfuehrung%ef%bf%bc","status":"publish","type":"page","link":"https:\/\/dvw.enquetemodule.be\/de\/","title":{"rendered":"EINF\u00dcHRUNG\ufffc"},"content":{"rendered":"\n<p><strong>UMFRAGE &#8211; Die Einf\u00fchrung von Fernbedienung &#8211;<\/strong><br><em>Wir brauchen Ihre Meinung!<\/em><\/p>\n\n\n\n<p>Liebe\/r &#8230;,<\/p>\n\n\n\n<p>mit dieser Onlineumfrage m\u00f6chte sich De Vlaamse Waterweg nv <strong>ein Bild \u00fcber die aktuelle Situation im Sektor bez\u00fcglich der weiteren Einf\u00fchrung von Fernbedienung in den kommenden Jahren machen. <\/strong>Mit der Umfrage m\u00f6chten wir einerseits Einblick in Ihre Sorgen und N\u00f6te und andererseits in etwaige Verbesserungsm\u00f6glichkeiten gewinnen.<\/p>\n\n\n\n<p>Wir m\u00f6chten Sie deshalb bitten, Ihre <strong>Erfahrung mit uns zu teilen<\/strong> und uns Ihre <strong>ehrliche Meinung<\/strong> mitzuteilen. Auf dieser Grundlage k\u00f6nnen wir das Programm Fernbedienung kundengerecht entwickeln und die Kommunikation verbessern.&nbsp;<\/p>\n\n\n\n<p>Ihre Antworten werden anonym verarbeitet. Wenn Sie mit dieser Umfrage beginnen, erteilen Sie uns automatisch die Erlaubnis, Ihre Daten f\u00fcr die Analyse dieser Umfrage zu verarbeiten.<\/p>\n\n\n\n<p>Die Umfrage umfasst<strong> 14 Fragen<\/strong>; Fragen, die sich auf Fernbedienung beziehen.<\/p>\n\n\n\n<p>Die Beantwortung der Umfrage dauert ca. <a><strong>15 Minuten.<\/strong><\/a> <\/p>\n\n\n\n<p><strong>Ihre Teilnahme an dieser Umfrage ist sehr wichtig f\u00fcr uns.<\/strong> Wir sind vom Prinzip der Ko-Kreation \u00fcberzeugt und nutzen Ihre Daten, um das Programm Fernbedienung kundengerecht zu entwickeln.<\/p>\n\n\n\n<p>Vielen Dank f\u00fcr Ihre Zeit und Mitwirkung!<\/p>\n\n\n\n<hr class=\"wp-block-separator has-alpha-channel-opacity\"\/>\n\n\n\n<p><\/p>\n\n\n\n<figure class=\"wp-block-embed is-type-video is-provider-vimeo wp-block-embed-vimeo wp-embed-aspect-16-9 wp-has-aspect-ratio\"><div class=\"wp-block-embed__wrapper\">\n<iframe loading=\"lazy\" title=\"Umfrage Fernbedienung\" src=\"https:\/\/player.vimeo.com\/video\/761390918?h=f00bba1944&amp;dnt=1&amp;app_id=122963\" width=\"500\" height=\"281\" frameborder=\"0\" allow=\"autoplay; fullscreen; picture-in-picture; clipboard-write\"><\/iframe>\n<\/div><\/figure>\n","protected":false},"excerpt":{"rendered":"<p>UMFRAGE &#8211; Die Einf\u00fchrung von Fernbedienung &#8211;Wir brauchen Ihre Meinung! Liebe\/r &#8230;, mit dieser Onlineumfrage m\u00f6chte sich De Vlaamse Waterweg nv ein Bild \u00fcber die aktuelle Situation im Sektor bez\u00fcglich der weiteren Einf\u00fchrung von Fernbedienung in den kommenden Jahren machen. Mit der Umfrage m\u00f6chten wir einerseits Einblick in Ihre Sorgen und N\u00f6te und andererseits in<\/p>\n","protected":false},"author":2,"featured_media":0,"parent":0,"menu_order":0,"comment_status":"closed","ping_status":"closed","template":"page-templates\/template-intro.php","meta":{"_acf_changed":false,"footnotes":""},"class_list":["post-269","page","type-page","status-publish","hentry"],"acf":[],"_links":{"self":[{"href":"https:\/\/dvw.enquetemodule.be\/de\/wp-json\/wp\/v2\/pages\/269","targetHints":{"allow":["GET"]}}],"collection":[{"href":"https:\/\/dvw.enquetemodule.be\/de\/wp-json\/wp\/v2\/pages"}],"about":[{"href":"https:\/\/dvw.enquetemodule.be\/de\/wp-json\/wp\/v2\/types\/page"}],"author":[{"embeddable":true,"href":"https:\/\/dvw.enquetemodule.be\/de\/wp-json\/wp\/v2\/users\/2"}],"replies":[{"embeddable":true,"href":"https:\/\/dvw.enquetemodule.be\/de\/wp-json\/wp\/v2\/comments?post=269"}],"version-history":[{"count":8,"href":"https:\/\/dvw.enquetemodule.be\/de\/wp-json\/wp\/v2\/pages\/269\/revisions"}],"predecessor-version":[{"id":688,"href":"https:\/\/dvw.enquetemodule.be\/de\/wp-json\/wp\/v2\/pages\/269\/revisions\/688"}],"wp:attachment":[{"href":"https:\/\/dvw.enquetemodule.be\/de\/wp-json\/wp\/v2\/media?parent=269"}],"curies":[{"name":"wp","href":"https:\/\/api.w.org\/{rel}","templated":true}]}}