
	{"id":263,"date":"2022-06-21T12:12:36","date_gmt":"2022-06-21T10:12:36","guid":{"rendered":"https:\/\/dvw.enquetemodule.be\/?page_id=263"},"modified":"2022-10-21T14:58:02","modified_gmt":"2022-10-21T12:58:02","slug":"introduction%ef%bf%bc","status":"publish","type":"page","link":"https:\/\/dvw.enquetemodule.be\/fr\/","title":{"rendered":"INTRODUCTION\ufffc"},"content":{"rendered":"\n<p><strong>ENQU\u00caTE sur le d\u00e9ploiement de la commande \u00e0 distance<\/strong><br><em>Nous avons besoin de votre avis&nbsp;!<\/em><\/p>\n\n\n\n<p>Madame, Monsieur,<\/p>\n\n\n\n<p>Avec cette enqu\u00eate en ligne, De Vlaamse Waterweg&nbsp;SA <strong>souhaite sonder l\u2019opinion du secteur de la navigation int\u00e9rieure en ce qui concerne la poursuite du d\u00e9ploiement de la commande \u00e0 distance ces prochaines ann\u00e9es. <\/strong>L\u2019objectif est double&nbsp;: nous voulons mieux comprendre les pr\u00e9occupations et les sensibilit\u00e9s qui existent, mais aussi conna\u00eetre les possibilit\u00e9s d\u2019am\u00e9lioration auxquelles vous pourriez penser.<\/p>\n\n\n\n<p>Dans cette enqu\u00eate, nous vous demandons donc de nous faire part de votre <strong>exp\u00e9rience<\/strong> et de nous donner votre <strong>avis en toute sinc\u00e9rit\u00e9<\/strong>. Sur cette base, nous pourrons d\u00e9velopper le programme de commande \u00e0 distance dans l\u2019int\u00e9r\u00eat des clients et am\u00e9liorer notre communication.<\/p>\n\n\n\n<p>Vos r\u00e9ponses \u00e0 cette enqu\u00eate seront trait\u00e9es de mani\u00e8re anonyme. En r\u00e9pondant \u00e0 cette enqu\u00eate, vous nous donnez votre autorisation <strong>\u00e0 traiter vos donn\u00e9es personnelles aux fins de l\u2019analyse des r\u00e9sultats<\/strong>.<\/p>\n\n\n\n<p>L\u2019enqu\u00eate se compose <strong>de 14&nbsp;questions <\/strong>concernant la commande \u00e0 distance.<\/p>\n\n\n\n<p>Elle vous prendra environ <a><strong>15&nbsp;minutes<\/strong><\/a>. <\/p>\n\n\n\n<p><strong>Vos r\u00e9ponses \u00e0 ce questionnaire nous seront tr\u00e8s pr\u00e9cieuses&nbsp;!<\/strong> Croyant fermement \u00e0 la co-cr\u00e9ation, nous utiliserons vos r\u00e9ponses pour d\u00e9velopper le programme de commande \u00e0 distance dans l\u2019int\u00e9r\u00eat des clients.<\/p>\n\n\n\n<p>Nous vous remercions d\u2019avance pour votre participation&nbsp;!<\/p>\n\n\n\n<hr class=\"wp-block-separator has-alpha-channel-opacity\"\/>\n\n\n\n<figure class=\"wp-block-embed is-type-video is-provider-vimeo wp-block-embed-vimeo wp-embed-aspect-16-9 wp-has-aspect-ratio\"><div class=\"wp-block-embed__wrapper\">\n<iframe loading=\"lazy\" title=\"Enqu\u00eate Commande \u00e0 distance\" src=\"https:\/\/player.vimeo.com\/video\/761391364?h=500e140469&amp;dnt=1&amp;app_id=122963\" width=\"500\" height=\"281\" frameborder=\"0\" allow=\"autoplay; fullscreen; picture-in-picture; clipboard-write\"><\/iframe>\n<\/div><\/figure>\n","protected":false},"excerpt":{"rendered":"<p>ENQU\u00caTE sur le d\u00e9ploiement de la commande \u00e0 distanceNous avons besoin de votre avis&nbsp;! Madame, Monsieur, Avec cette enqu\u00eate en ligne, De Vlaamse Waterweg&nbsp;SA souhaite sonder l\u2019opinion du secteur de la navigation int\u00e9rieure en ce qui concerne la poursuite du d\u00e9ploiement de la commande \u00e0 distance ces prochaines ann\u00e9es. L\u2019objectif est double&nbsp;: nous voulons mieux<\/p>\n","protected":false},"author":2,"featured_media":0,"parent":0,"menu_order":0,"comment_status":"closed","ping_status":"closed","template":"page-templates\/template-intro.php","meta":{"_acf_changed":false,"footnotes":""},"class_list":["post-263","page","type-page","status-publish","hentry"],"acf":[],"_links":{"self":[{"href":"https:\/\/dvw.enquetemodule.be\/fr\/wp-json\/wp\/v2\/pages\/263","targetHints":{"allow":["GET"]}}],"collection":[{"href":"https:\/\/dvw.enquetemodule.be\/fr\/wp-json\/wp\/v2\/pages"}],"about":[{"href":"https:\/\/dvw.enquetemodule.be\/fr\/wp-json\/wp\/v2\/types\/page"}],"author":[{"embeddable":true,"href":"https:\/\/dvw.enquetemodule.be\/fr\/wp-json\/wp\/v2\/users\/2"}],"replies":[{"embeddable":true,"href":"https:\/\/dvw.enquetemodule.be\/fr\/wp-json\/wp\/v2\/comments?post=263"}],"version-history":[{"count":9,"href":"https:\/\/dvw.enquetemodule.be\/fr\/wp-json\/wp\/v2\/pages\/263\/revisions"}],"predecessor-version":[{"id":686,"href":"https:\/\/dvw.enquetemodule.be\/fr\/wp-json\/wp\/v2\/pages\/263\/revisions\/686"}],"wp:attachment":[{"href":"https:\/\/dvw.enquetemodule.be\/fr\/wp-json\/wp\/v2\/media?parent=263"}],"curies":[{"name":"wp","href":"https:\/\/api.w.org\/{rel}","templated":true}]}}